{"id":898,"date":"2022-03-28T19:23:26","date_gmt":"2022-03-28T17:23:26","guid":{"rendered":"https:\/\/www.sv-gleidingen.de\/?page_id=898"},"modified":"2026-04-13T17:42:34","modified_gmt":"2026-04-13T15:42:34","slug":"vergleichschiessen-der-gleidinger-vereine-verbaende-und-firmen","status":"publish","type":"page","link":"https:\/\/www.sv-gleidingen.de\/?page_id=898","title":{"rendered":"Ausschreibung zum Gleidinger Vergleichsschie\u00dfen 2026"},"content":{"rendered":"\n<p>Auf dieser Seite findet Ihr alle Informationen und Anmeldem\u00f6glichkeiten zum allj\u00e4hrlichen Vergleichschie\u00dfen der Gleidinger Firmen, Vereine, Verb\u00e4nde, Clubs, Institutionen und Interessengruppen.<\/p>\n\n\n\n<p>Das traditionelle Vergleichsschie\u00dfen findet seit Jahrzehnten anl\u00e4sslich des Gleidinger Volks- und Sch\u00fctzenfestes statt. <\/p>\n\n\n\n<div style=\"background: #fff3cd; border: 2px solid #b30000; color: #7a0000; padding: 16px 20px; border-radius: 8px; margin: 20px 0; font-family: Arial, sans-serif;\">\n  <strong style=\"font-size: 1.2em;\">Wichtiger Hinweis<\/strong><br>\n  Der Termin am <strong>Samstag, 18. April 2026, 14:00 bis 18:00 Uhr<\/strong> entf\u00e4llt.\n  <br>\n  <span style=\"display: inline-block; margin-top: 8px;\">\n    Alle anderen Termine finden wie geplant statt.\n  <\/span>\n<\/div>\n\n\n\n<p><strong>Wir bitten die Einladung und Ausschreibung genau zu lesen und zu beachten!<\/strong><\/p>\n\n\n\n<h2 class=\"wp-block-heading\">Unterlagen zum (Vergleichs-) Schie\u00dfen:<\/h2>\n\n\n\n<figure class=\"wp-block-table is-style-stripes\"><table class=\"has-fixed-layout\"><tbody><tr><td>Einladung zum Vergleichsschie\u00dfen 2026<\/td><td><a href=\"https:\/\/www.sv-gleidingen.de\/wp-content\/uploads\/2026\/02\/2026-SGVV-Anschreiben.pdf\" data-type=\"attachment\" data-id=\"1724\" target=\"_blank\" rel=\"noreferrer noopener\">Anschreiben SGVV 2026<\/a><\/td><\/tr><tr><td>Ausschreibung zum Vergleichsschie\u00dfen 2026<\/td><td><a href=\"https:\/\/www.sv-gleidingen.de\/wp-content\/uploads\/2026\/02\/2026-SGVV-Ausschreibung.pdf\" data-type=\"attachment\" data-id=\"1725\" target=\"_blank\" rel=\"noreferrer noopener\">Ausschreibung SGVV 2026<\/a><\/td><\/tr><tr><td>Ausschreibung B\u00fcrgerk\u00f6nig 2026<\/td><td><a href=\"https:\/\/www.sv-gleidingen.de\/wp-content\/uploads\/2026\/02\/2026-Buergerkoenig-Ausschreibung.pdf\" data-type=\"page\" data-id=\"1763\">Ausschreibung B\u00fcrgerk\u00f6nig 2026<\/a><\/td><\/tr><tr><td><\/td><td><\/td><\/tr><\/tbody><\/table><\/figure>\n\n\n\n<h2 class=\"wp-block-heading\">F\u00fcr die digitale Anmeldung bitte einen der Termine ausw\u00e4hlen:<\/h2>\n\n\n\n<p>Die Anmeldung ist beendet. Vielen Dank f\u00fcr eure Anmeldungen. Bei Fragen wendet euch bitte an <\/p>\n\n\n\n<p>DFroehlich@sv-gleidingen.de<\/p>\n","protected":false},"excerpt":{"rendered":"<p>Auf dieser Seite findet Ihr alle Informationen und Anmeldem\u00f6glichkeiten zum allj\u00e4hrlichen Vergleichschie\u00dfen der Gleidinger Firmen, Vereine, Verb\u00e4nde, Clubs, Institutionen und Interessengruppen. Das traditionelle Vergleichsschie\u00dfen findet seit Jahrzehnten anl\u00e4sslich des Gleidinger Volks- und Sch\u00fctzenfestes statt. Wichtiger Hinweis Der Termin am Samstag,&#8230;<br \/><a class=\"read-more-button\" href=\"https:\/\/www.sv-gleidingen.de\/?page_id=898\">Mehr Lesen<\/a><\/p>\n","protected":false},"author":211,"featured_media":0,"parent":901,"menu_order":2,"comment_status":"closed","ping_status":"closed","template":"","meta":{"footnotes":""},"class_list":["post-898","page","type-page","status-publish","hentry"],"_links":{"self":[{"href":"https:\/\/www.sv-gleidingen.de\/index.php?rest_route=\/wp\/v2\/pages\/898","targetHints":{"allow":["GET"]}}],"collection":[{"href":"https:\/\/www.sv-gleidingen.de\/index.php?rest_route=\/wp\/v2\/pages"}],"about":[{"href":"https:\/\/www.sv-gleidingen.de\/index.php?rest_route=\/wp\/v2\/types\/page"}],"author":[{"embeddable":true,"href":"https:\/\/www.sv-gleidingen.de\/index.php?rest_route=\/wp\/v2\/users\/211"}],"replies":[{"embeddable":true,"href":"https:\/\/www.sv-gleidingen.de\/index.php?rest_route=%2Fwp%2Fv2%2Fcomments&post=898"}],"version-history":[{"count":32,"href":"https:\/\/www.sv-gleidingen.de\/index.php?rest_route=\/wp\/v2\/pages\/898\/revisions"}],"predecessor-version":[{"id":2024,"href":"https:\/\/www.sv-gleidingen.de\/index.php?rest_route=\/wp\/v2\/pages\/898\/revisions\/2024"}],"up":[{"embeddable":true,"href":"https:\/\/www.sv-gleidingen.de\/index.php?rest_route=\/wp\/v2\/pages\/901"}],"wp:attachment":[{"href":"https:\/\/www.sv-gleidingen.de\/index.php?rest_route=%2Fwp%2Fv2%2Fmedia&parent=898"}],"curies":[{"name":"wp","href":"https:\/\/api.w.org\/{rel}","templated":true}]}}