{"id":747,"date":"2021-10-20T12:01:30","date_gmt":"2021-10-20T10:01:30","guid":{"rendered":"https:\/\/www.sv-gleidingen.de\/?page_id=747"},"modified":"2022-03-28T19:54:24","modified_gmt":"2022-03-28T17:54:24","slug":"schiessabteilung","status":"publish","type":"page","link":"https:\/\/www.sv-gleidingen.de\/?page_id=747","title":{"rendered":"Schie\u00dfabteilung"},"content":{"rendered":"\n<p>Die Schie\u00dfabteilung gliedert sich in verschiedene Sparten bzw. Trainingsgruppen innerhalb des Vereins.<br>Sie ist der, historisch gesehen, der namensgebende Teil des Vereins und existiert seit der Gr\u00fcndung 1928.<\/p>\n\n\n\n<p>Die Schie\u00dfabteilung bietet in und mit Ihren Sparten und Trainingsgruppen den sowohl den klassischen olympischen als auch einen dynamischen Schie\u00dfsport und deren Disziplinen an. <br>Aus diesem Grund sind alle Mitglieder der Schie\u00dfabteilung automatisch Mitglied im Deutschen Sch\u00fctzenbund (DSB) und k\u00f6nnen auf gesonderten Antrag auch Mitglied im Bund Deutscher Sportsch\u00fctzen (BDS) werden.<br><br>Die Schie\u00dfabteilung ist auch f\u00fcr das Sch\u00fctzen-Brauchtum im Verein zust\u00e4ndig. <br>Ein j\u00e4hrlicher H\u00f6hepunkt ist das j\u00e4hrliche Volks- und Sch\u00fctzenfest und die dazugeh\u00f6rigen internen und externen Wettbewerbe.<\/p>\n\n\n\n<p>Die Mitglieder der Schie\u00dfabteilung freuen sich immer \u00fcber neue Gesichter und Nachwuchs.<br><\/p>\n\n\n\n<p><br><br><\/p>\n","protected":false},"excerpt":{"rendered":"<p>Die Schie\u00dfabteilung gliedert sich in verschiedene Sparten bzw. Trainingsgruppen innerhalb des Vereins.Sie ist der, historisch gesehen, der namensgebende Teil des Vereins und existiert seit der Gr\u00fcndung 1928. Die Schie\u00dfabteilung bietet in und mit Ihren Sparten und Trainingsgruppen den sowohl den&#8230;<br \/><a class=\"read-more-button\" href=\"https:\/\/www.sv-gleidingen.de\/?page_id=747\">Mehr Lesen<\/a><\/p>\n","protected":false},"author":211,"featured_media":0,"parent":696,"menu_order":0,"comment_status":"closed","ping_status":"closed","template":"","meta":{"footnotes":""},"class_list":["post-747","page","type-page","status-publish","hentry"],"_links":{"self":[{"href":"https:\/\/www.sv-gleidingen.de\/index.php?rest_route=\/wp\/v2\/pages\/747","targetHints":{"allow":["GET"]}}],"collection":[{"href":"https:\/\/www.sv-gleidingen.de\/index.php?rest_route=\/wp\/v2\/pages"}],"about":[{"href":"https:\/\/www.sv-gleidingen.de\/index.php?rest_route=\/wp\/v2\/types\/page"}],"author":[{"embeddable":true,"href":"https:\/\/www.sv-gleidingen.de\/index.php?rest_route=\/wp\/v2\/users\/211"}],"replies":[{"embeddable":true,"href":"https:\/\/www.sv-gleidingen.de\/index.php?rest_route=%2Fwp%2Fv2%2Fcomments&post=747"}],"version-history":[{"count":1,"href":"https:\/\/www.sv-gleidingen.de\/index.php?rest_route=\/wp\/v2\/pages\/747\/revisions"}],"predecessor-version":[{"id":748,"href":"https:\/\/www.sv-gleidingen.de\/index.php?rest_route=\/wp\/v2\/pages\/747\/revisions\/748"}],"up":[{"embeddable":true,"href":"https:\/\/www.sv-gleidingen.de\/index.php?rest_route=\/wp\/v2\/pages\/696"}],"wp:attachment":[{"href":"https:\/\/www.sv-gleidingen.de\/index.php?rest_route=%2Fwp%2Fv2%2Fmedia&parent=747"}],"curies":[{"name":"wp","href":"https:\/\/api.w.org\/{rel}","templated":true}]}}