{"id":681,"date":"2021-09-05T14:08:00","date_gmt":"2021-09-05T12:08:00","guid":{"rendered":"https:\/\/www.sv-gleidingen.de\/?page_id=681"},"modified":"2026-03-23T20:14:16","modified_gmt":"2026-03-23T19:14:16","slug":"download","status":"publish","type":"page","link":"https:\/\/www.sv-gleidingen.de\/?page_id=681","title":{"rendered":"Download"},"content":{"rendered":"\n<p>Hier finden Sie alle wesentlichen Formulare und Antr\u00e4ge des Vereins<\/p>\n\n\n\n<figure class=\"wp-block-table is-style-stripes\" style=\"font-size:16px\"><table><tbody><tr><td><strong>Gesamtverein<\/strong><\/td><td><a href=\"https:\/\/www.sv-gleidingen.de\/wp-content\/uploads\/2025\/02\/Mufflon_Nr_24_FINAL_Werbung.pdf\" data-type=\"attachment\" data-id=\"1785\">Das Mufflon Nr. 24<\/a><\/td><\/tr><tr><td><\/td><td><\/td><\/tr><tr><td><a href=\"https:\/\/www.sv-gleidingen.de\/wp-content\/uploads\/2025\/12\/SVG_Satzung_2025.pdf\" data-type=\"attachment\" data-id=\"1895\" target=\"_blank\" rel=\"noreferrer noopener\">Satzung Sch\u00fctzenverein Gleidingen v. 1928 e.V.<\/a><br>Stand: 05.12.2025<\/td><td><a href=\"https:\/\/www.sv-gleidingen.de\/wp-content\/uploads\/2026\/03\/SVG_Beitragsordnung_2026_v1.pdf\" data-type=\"attachment\" data-id=\"1894\">Beitragsordnung <br>Sch\u00fctzenverein Gleidingen v.1928 e.V.<\/a><br>Stand 23.03.2026<\/td><\/tr><tr><td><\/td><td><\/td><\/tr><tr><td><a href=\"https:\/\/www.sv-gleidingen.de\/wp-content\/uploads\/2026\/02\/Informationsblatt-nach-Art.-13_DSGVO.pdf\" target=\"_blank\" rel=\"noreferrer noopener\">Informationsblatt-nach-Art.-13_DSGVO<\/a><\/td><td><a href=\"https:\/\/www.sv-gleidingen.de\/wp-content\/uploads\/2026\/02\/SVG_Geschaeftsordnung_Vorstand_V1.0.pdf\" data-type=\"attachment\" data-id=\"1954\">Gesch\u00e4ftsordnung des Vorstandes<\/a><br>Stand: 16.02.2026<\/td><\/tr><tr><td><\/td><td><\/td><\/tr><tr><td><strong>Schie\u00dfsport<\/strong><\/td><td><\/td><\/tr><tr><td><a href=\"https:\/\/www.sv-gleidingen.de\/wp-content\/uploads\/2022\/10\/Antrag-Zugangsausweis-V2022_2.pdf\">Antrag auf <\/a><a href=\"https:\/\/www.sv-gleidingen.de\/wp-content\/uploads\/2022\/10\/Antrag-Zugangsausweis-V2022_2.pdf\" target=\"_blank\" rel=\"noreferrer noopener\">Zugangsausweis <\/a><a href=\"https:\/\/www.sv-gleidingen.de\/wp-content\/uploads\/2022\/10\/Antrag-Zugangsausweis-V2022_2.pdf\">Feuerwaffenst\u00e4nde V2022-2<\/a><\/td><td><a href=\"https:\/\/www.sv-gleidingen.de\/wp-content\/uploads\/2022\/10\/Ordnung-zum-Erwerb-und-Trageweise-der-Schuetzenschnur-des-Schuetzenverein-Gleidingen.pdf\" target=\"_blank\" rel=\"noreferrer noopener\">Sch\u00fctzenschnur SV Gleidingen Ordnung<\/a><\/td><\/tr><tr><td><a href=\"https:\/\/www.sv-gleidingen.de\/wp-content\/uploads\/2022\/05\/Vorlage-SchiesskladdeSVG.pdf\">Vorlage-Schiesskladde SVG<\/a><\/td><td><a href=\"https:\/\/www.sv-gleidingen.de\/wp-content\/uploads\/2022\/10\/Anlage1_Ordnung-und-Erwerb-Leistungsschnuere.pdf\" target=\"_blank\" rel=\"noreferrer noopener\">Leistungen Sch\u00fctzenschnur Anlage1<\/a><\/td><\/tr><tr><td><\/td><td><\/td><\/tr><tr><td><\/td><td><\/td><\/tr><tr><td><\/td><td><\/td><\/tr><tr><td><\/td><td><\/td><\/tr><tr><td><\/td><td><\/td><\/tr><tr><td><\/td><td><\/td><\/tr><tr><td><\/td><td><\/td><\/tr><\/tbody><\/table><\/figure>\n","protected":false},"excerpt":{"rendered":"<p>Hier finden Sie alle wesentlichen Formulare und Antr\u00e4ge des Vereins Gesamtverein Das Mufflon Nr. 24 Satzung Sch\u00fctzenverein Gleidingen v. 1928 e.V.Stand: 05.12.2025 Beitragsordnung Sch\u00fctzenverein Gleidingen v.1928 e.V.Stand 23.03.2026 Informationsblatt-nach-Art.-13_DSGVO Gesch\u00e4ftsordnung des VorstandesStand: 16.02.2026 Schie\u00dfsport Antrag auf Zugangsausweis Feuerwaffenst\u00e4nde V2022-2 Sch\u00fctzenschnur&#8230;<br \/><a class=\"read-more-button\" href=\"https:\/\/www.sv-gleidingen.de\/?page_id=681\">Mehr Lesen<\/a><\/p>\n","protected":false},"author":211,"featured_media":0,"parent":0,"menu_order":0,"comment_status":"closed","ping_status":"closed","template":"","meta":{"footnotes":""},"class_list":["post-681","page","type-page","status-publish","hentry"],"_links":{"self":[{"href":"https:\/\/www.sv-gleidingen.de\/index.php?rest_route=\/wp\/v2\/pages\/681","targetHints":{"allow":["GET"]}}],"collection":[{"href":"https:\/\/www.sv-gleidingen.de\/index.php?rest_route=\/wp\/v2\/pages"}],"about":[{"href":"https:\/\/www.sv-gleidingen.de\/index.php?rest_route=\/wp\/v2\/types\/page"}],"author":[{"embeddable":true,"href":"https:\/\/www.sv-gleidingen.de\/index.php?rest_route=\/wp\/v2\/users\/211"}],"replies":[{"embeddable":true,"href":"https:\/\/www.sv-gleidingen.de\/index.php?rest_route=%2Fwp%2Fv2%2Fcomments&post=681"}],"version-history":[{"count":55,"href":"https:\/\/www.sv-gleidingen.de\/index.php?rest_route=\/wp\/v2\/pages\/681\/revisions"}],"predecessor-version":[{"id":2005,"href":"https:\/\/www.sv-gleidingen.de\/index.php?rest_route=\/wp\/v2\/pages\/681\/revisions\/2005"}],"wp:attachment":[{"href":"https:\/\/www.sv-gleidingen.de\/index.php?rest_route=%2Fwp%2Fv2%2Fmedia&parent=681"}],"curies":[{"name":"wp","href":"https:\/\/api.w.org\/{rel}","templated":true}]}}