{"id":61,"date":"2016-04-29T09:05:41","date_gmt":"2016-04-29T07:05:41","guid":{"rendered":"https:\/\/svg.it-seeker.org\/?page_id=61"},"modified":"2022-08-06T11:10:02","modified_gmt":"2022-08-06T09:10:02","slug":"verweiselinks","status":"publish","type":"page","link":"https:\/\/www.sv-gleidingen.de\/?page_id=61","title":{"rendered":"Links &#038; Archiv"},"content":{"rendered":"<p><a href=\"http:\/\/www.schuetzenbund.de\/\" target=\"_blank\" rel=\"noopener\">Deutscher Sch\u00fctzenbund (DSB)<\/a><br \/>\n<a href=\"http:\/\/www.bdsnet.de\/\" target=\"_blank\" rel=\"noopener\">Bund Deutscher Sportsch\u00fctze (BDS)<\/a><br \/>\n<a href=\"http:\/\/www.nssv-hannover.de\/\" target=\"_blank\" rel=\"noopener\">Nieders\u00e4chsischer Sportsch\u00fctzenverband (NSSV)<\/a><br \/>\n<a href=\"http:\/\/www.bds-niedersachsen.de\/\" target=\"_blank\" rel=\"noopener\">Sportsch\u00fctzenverband in Niedersachsen und Bremen (BDS LV3)<\/a><br \/>\n<a href=\"http:\/\/www.ssv-hildesheim.de\/\" target=\"_blank\" rel=\"noopener\">Sportsch\u00fctzenverband Hildesheim-Marienburg (SSV Hi)<\/a><br \/>\n<a href=\"http:\/\/www.sv-laatzen.de\/\" target=\"_blank\" rel=\"noopener\">Sch\u00fctzenverein Laatzen<\/a><br \/>\n<a href=\"http:\/\/www.sv-grasdorf.de\/\" target=\"_blank\" rel=\"noopener\">Sch\u00fctzenverein Grasdorf<\/a><br \/>\n<a href=\"http:\/\/www.sg-rethen.de\/\" target=\"_blank\" rel=\"noopener\">Sch\u00fctzengesellschaft Rethen<\/a><br \/>\n<a href=\"https:\/\/www.sv-oesselse.de\/\" target=\"_blank\" rel=\"noopener\">Sch\u00fctzenverein Oesselse<\/a><br \/>\n<a href=\"http:\/\/www.horrido-ingeln.de\/\" target=\"_blank\" rel=\"noopener\">Sch\u00fctzenverein Ingeln<\/a><br \/>\n<a href=\"http:\/\/www.fw-gleidingen.de\/\" target=\"_blank\" rel=\"noopener\">Freiwillige Feuerwehr Gleidingen<\/a><br \/>\n<a href=\"http:\/\/www.bl\u00e6selaget.no\/\" target=\"_blank\" rel=\"noopener\">Langhus Blaeselag<\/a><\/p>\n","protected":false},"excerpt":{"rendered":"<p>Deutscher Sch\u00fctzenbund (DSB) Bund Deutscher Sportsch\u00fctze (BDS) Nieders\u00e4chsischer Sportsch\u00fctzenverband (NSSV) Sportsch\u00fctzenverband in Niedersachsen und Bremen (BDS LV3) Sportsch\u00fctzenverband Hildesheim-Marienburg (SSV Hi) Sch\u00fctzenverein Laatzen Sch\u00fctzenverein Grasdorf Sch\u00fctzengesellschaft Rethen Sch\u00fctzenverein Oesselse Sch\u00fctzenverein Ingeln Freiwillige Feuerwehr Gleidingen Langhus Blaeselag<\/p>\n","protected":false},"author":1,"featured_media":0,"parent":0,"menu_order":0,"comment_status":"closed","ping_status":"closed","template":"","meta":{"footnotes":""},"class_list":["post-61","page","type-page","status-publish","hentry"],"_links":{"self":[{"href":"https:\/\/www.sv-gleidingen.de\/index.php?rest_route=\/wp\/v2\/pages\/61","targetHints":{"allow":["GET"]}}],"collection":[{"href":"https:\/\/www.sv-gleidingen.de\/index.php?rest_route=\/wp\/v2\/pages"}],"about":[{"href":"https:\/\/www.sv-gleidingen.de\/index.php?rest_route=\/wp\/v2\/types\/page"}],"author":[{"embeddable":true,"href":"https:\/\/www.sv-gleidingen.de\/index.php?rest_route=\/wp\/v2\/users\/1"}],"replies":[{"embeddable":true,"href":"https:\/\/www.sv-gleidingen.de\/index.php?rest_route=%2Fwp%2Fv2%2Fcomments&post=61"}],"version-history":[{"count":6,"href":"https:\/\/www.sv-gleidingen.de\/index.php?rest_route=\/wp\/v2\/pages\/61\/revisions"}],"predecessor-version":[{"id":1060,"href":"https:\/\/www.sv-gleidingen.de\/index.php?rest_route=\/wp\/v2\/pages\/61\/revisions\/1060"}],"wp:attachment":[{"href":"https:\/\/www.sv-gleidingen.de\/index.php?rest_route=%2Fwp%2Fv2%2Fmedia&parent=61"}],"curies":[{"name":"wp","href":"https:\/\/api.w.org\/{rel}","templated":true}]}}