{"id":54,"date":"2016-04-29T09:05:09","date_gmt":"2016-04-29T07:05:09","guid":{"rendered":"https:\/\/svg.it-seeker.org\/?page_id=54"},"modified":"2024-10-30T21:04:42","modified_gmt":"2024-10-30T20:04:42","slug":"das-schuetzenhaus","status":"publish","type":"page","link":"https:\/\/www.sv-gleidingen.de\/?page_id=54","title":{"rendered":"Sch\u00fctzenhaus und Gastro"},"content":{"rendered":"<p><a href=\"https:\/\/www.sv-gleidingen.de\/?page_id=103\">Schie\u00dfst\u00e4nde<\/a><\/p>\n<p><a href=\"https:\/\/www.sv-gleidingen.de\/?page_id=1664\">Gastst\u00e4tte<\/a><\/p>\n\n\n<p><\/p>\n","protected":false},"excerpt":{"rendered":"<p>Schie\u00dfst\u00e4nde Gastst\u00e4tte<\/p>\n","protected":false},"author":1,"featured_media":0,"parent":0,"menu_order":0,"comment_status":"closed","ping_status":"closed","template":"","meta":{"footnotes":""},"class_list":["post-54","page","type-page","status-publish","hentry"],"_links":{"self":[{"href":"https:\/\/www.sv-gleidingen.de\/index.php?rest_route=\/wp\/v2\/pages\/54","targetHints":{"allow":["GET"]}}],"collection":[{"href":"https:\/\/www.sv-gleidingen.de\/index.php?rest_route=\/wp\/v2\/pages"}],"about":[{"href":"https:\/\/www.sv-gleidingen.de\/index.php?rest_route=\/wp\/v2\/types\/page"}],"author":[{"embeddable":true,"href":"https:\/\/www.sv-gleidingen.de\/index.php?rest_route=\/wp\/v2\/users\/1"}],"replies":[{"embeddable":true,"href":"https:\/\/www.sv-gleidingen.de\/index.php?rest_route=%2Fwp%2Fv2%2Fcomments&post=54"}],"version-history":[{"count":9,"href":"https:\/\/www.sv-gleidingen.de\/index.php?rest_route=\/wp\/v2\/pages\/54\/revisions"}],"predecessor-version":[{"id":1696,"href":"https:\/\/www.sv-gleidingen.de\/index.php?rest_route=\/wp\/v2\/pages\/54\/revisions\/1696"}],"wp:attachment":[{"href":"https:\/\/www.sv-gleidingen.de\/index.php?rest_route=%2Fwp%2Fv2%2Fmedia&parent=54"}],"curies":[{"name":"wp","href":"https:\/\/api.w.org\/{rel}","templated":true}]}}