{"id":286,"date":"2016-06-02T16:00:41","date_gmt":"2016-06-02T14:00:41","guid":{"rendered":"https:\/\/www2.sv-gleidingen.de\/?page_id=286"},"modified":"2022-03-28T19:55:03","modified_gmt":"2022-03-28T17:55:03","slug":"1950-1959","status":"publish","type":"page","link":"https:\/\/www.sv-gleidingen.de\/?page_id=286","title":{"rendered":"1950 &#8211; 1959"},"content":{"rendered":"<p><span style=\"font-size: small;\">Mit der Genehmigung der Milit\u00e4rregierung nahm der Verein <\/span><span style=\"font-size: small;\">1950 seine Arbeit und das Sportschie\u00dfen wieder auf. Allerdings durfte nur mit Luftgewehren geschossen werden. Alle waren nach der Versammlung, zu der der alte Vorstand eingeladen hatte, wieder mit Begeisterung dabei. Allerdings sind auch viele der fr\u00fcheren Aktiven im Krieg geblieben. An all die Gefallenen erinnert noch heute eine Gedenktafel (Bild) im Sch\u00fctzenhaus.<\/span><\/p>\n<p><img loading=\"lazy\" decoding=\"async\" class=\"size-full wp-image-287 aligncenter\" src=\"https:\/\/www.sv-gleidingen.de\/wp-content\/uploads\/2016\/06\/tafel.jpg\" alt=\"tafel\" width=\"150\" height=\"216\" \/><\/p>\n<p><span style=\"font-size: small;\">Es wurden f\u00fcnf neue Luftgewehre angeschafft und im Saal der Gastst\u00e4tte &#8222;Zur 300j\u00e4hrigen Linde&#8220; wurde geschossen. <\/span><span style=\"font-size: xx-small;\">(Anm..: Diese Gastst\u00e4tte musste in den 1990ern Wohnungsneubauten weichen und stand seiner Zeit an der Hildesheimer Str. neben der Volksbank.)<\/span><\/p>\n<p>1953 wurde das 25j\u00e4hrige Bestehen gefeiert. Hierzu wurde auch eine neue Vereinsfahne angeschafft. Diese wurde mit gro\u00dfer Beteildigung der Bev\u00f6lkerung, der benachtbarten und \u00f6rtlichen Vereinen geweiht und das Fahnenweihe fest ein voller Erfolg.<\/p>\n<p>Im darauf folgenden Jahr 1954 zeichnete sich ein Generationswechsel im Vorstand ab.<\/p>\n<p>Der alte Vorstand trat nach einem viertel Jahrhundert geschlossen zur\u00fcck um Platz zu machen f\u00fcr einen neuen, jungen und frischen Vorstand.<br \/>\nIn diesem Jahr wurde Karl Matthies jun. 1. Landesmeister im Luftgewehrschie\u00dfen.<\/p>\n<p>in den Jahren 1955 bis 1959 nahm der sportliche Erfolg immer mehr zu.<br \/>\nEs wurden Kreismeisterschaften und Pokalschie\u00dfen gewonnen.<br \/>\nDie Pokale, Plaketten und Auszeichnungen in den Regalen, Vitrinen und an den W\u00e4nden\u00a0 des Sch\u00fctzenhauses sind noch heute Zeuge der erfolgreichsten Zeit des Vereins auf dem sportlichen Gebiet.<\/p>\n<p>Allerdings hatte man deshalb auch das Problem, dass andere Vereine versuchten die guten Sportsch\u00fctzen ab zu werben.<br \/>\nInzwischen durfte auch wieder mit den KK-Gewehr geschossen werden. Schlecht war allerdings, dass man immer noch keine eigene Schie\u00dfsportanlage zur Verf\u00fcgung hatte und man in W\u00fcrfel trainieren musste.<br \/>\nDer Luftgewehrstand bei Vereinswirtin Inge Wilkens reichte nicht mehr aus, so dass Pl\u00e4ne f\u00fcr einen Neubau eines Sch\u00fctzenhauses geschmiedet wurden.<br \/>\nDas gr\u00f6\u00dfte Problem neben der Finanzierung war aber, dass kein Land zur Verf\u00fcgung stand.<br \/>\nDie Gemeine, die gerne geholfen h\u00e4tte, durfte dies von Gesetzes damals nicht. Die Sch\u00fctzen waren nicht als Sportler anerkannt.<br \/>\nAls die Sch\u00fctzenschwester Anni Gremmel ein St\u00fcck Land in der Seelwiese zur Verf\u00fcgung stellte, konnte mit der konkreten Planung begonnen werden.<\/p>\n","protected":false},"excerpt":{"rendered":"<p>Mit der Genehmigung der Milit\u00e4rregierung nahm der Verein 1950 seine Arbeit und das Sportschie\u00dfen wieder auf. Allerdings durfte nur mit Luftgewehren geschossen werden. Alle waren nach der Versammlung, zu der der alte Vorstand eingeladen hatte, wieder mit Begeisterung dabei. Allerdings&#8230;<br \/><a class=\"read-more-button\" href=\"https:\/\/www.sv-gleidingen.de\/?page_id=286\">Mehr Lesen<\/a><\/p>\n","protected":false},"author":1,"featured_media":0,"parent":278,"menu_order":2,"comment_status":"closed","ping_status":"closed","template":"","meta":{"footnotes":""},"class_list":["post-286","page","type-page","status-publish","hentry"],"_links":{"self":[{"href":"https:\/\/www.sv-gleidingen.de\/index.php?rest_route=\/wp\/v2\/pages\/286","targetHints":{"allow":["GET"]}}],"collection":[{"href":"https:\/\/www.sv-gleidingen.de\/index.php?rest_route=\/wp\/v2\/pages"}],"about":[{"href":"https:\/\/www.sv-gleidingen.de\/index.php?rest_route=\/wp\/v2\/types\/page"}],"author":[{"embeddable":true,"href":"https:\/\/www.sv-gleidingen.de\/index.php?rest_route=\/wp\/v2\/users\/1"}],"replies":[{"embeddable":true,"href":"https:\/\/www.sv-gleidingen.de\/index.php?rest_route=%2Fwp%2Fv2%2Fcomments&post=286"}],"version-history":[{"count":2,"href":"https:\/\/www.sv-gleidingen.de\/index.php?rest_route=\/wp\/v2\/pages\/286\/revisions"}],"predecessor-version":[{"id":289,"href":"https:\/\/www.sv-gleidingen.de\/index.php?rest_route=\/wp\/v2\/pages\/286\/revisions\/289"}],"up":[{"embeddable":true,"href":"https:\/\/www.sv-gleidingen.de\/index.php?rest_route=\/wp\/v2\/pages\/278"}],"wp:attachment":[{"href":"https:\/\/www.sv-gleidingen.de\/index.php?rest_route=%2Fwp%2Fv2%2Fmedia&parent=286"}],"curies":[{"name":"wp","href":"https:\/\/api.w.org\/{rel}","templated":true}]}}