{"id":25,"date":"2016-04-28T16:57:09","date_gmt":"2016-04-28T14:57:09","guid":{"rendered":"https:\/\/svg.it-seeker.org\/?page_id=25"},"modified":"2016-06-22T10:21:59","modified_gmt":"2016-06-22T08:21:59","slug":"geschichte","status":"publish","type":"page","link":"https:\/\/www.sv-gleidingen.de\/?page_id=25","title":{"rendered":"Geschichte"},"content":{"rendered":"<p><a href=\"https:\/\/www.sv-gleidingen.de\/?page_id=47\">Die V\u00e4ter des Vereins<\/a><\/p>\n<p><a href=\"https:\/\/www.sv-gleidingen.de\/?page_id=45\">Die Vorst\u00e4nde<\/a><\/p>\n<p><a href=\"https:\/\/www.sv-gleidingen.de\/?page_id=30\">Die K\u00f6nige<\/a><\/p>\n<p><a href=\"https:\/\/www.sv-gleidingen.de\/?page_id=278\">Jahresspiegel<\/a><\/p>\n","protected":false},"excerpt":{"rendered":"<p>Die V\u00e4ter des Vereins Die Vorst\u00e4nde Die K\u00f6nige Jahresspiegel<\/p>\n","protected":false},"author":1,"featured_media":0,"parent":13,"menu_order":0,"comment_status":"closed","ping_status":"closed","template":"","meta":{"footnotes":""},"class_list":["post-25","page","type-page","status-publish","hentry"],"_links":{"self":[{"href":"https:\/\/www.sv-gleidingen.de\/index.php?rest_route=\/wp\/v2\/pages\/25","targetHints":{"allow":["GET"]}}],"collection":[{"href":"https:\/\/www.sv-gleidingen.de\/index.php?rest_route=\/wp\/v2\/pages"}],"about":[{"href":"https:\/\/www.sv-gleidingen.de\/index.php?rest_route=\/wp\/v2\/types\/page"}],"author":[{"embeddable":true,"href":"https:\/\/www.sv-gleidingen.de\/index.php?rest_route=\/wp\/v2\/users\/1"}],"replies":[{"embeddable":true,"href":"https:\/\/www.sv-gleidingen.de\/index.php?rest_route=%2Fwp%2Fv2%2Fcomments&post=25"}],"version-history":[{"count":2,"href":"https:\/\/www.sv-gleidingen.de\/index.php?rest_route=\/wp\/v2\/pages\/25\/revisions"}],"predecessor-version":[{"id":332,"href":"https:\/\/www.sv-gleidingen.de\/index.php?rest_route=\/wp\/v2\/pages\/25\/revisions\/332"}],"up":[{"embeddable":true,"href":"https:\/\/www.sv-gleidingen.de\/index.php?rest_route=\/wp\/v2\/pages\/13"}],"wp:attachment":[{"href":"https:\/\/www.sv-gleidingen.de\/index.php?rest_route=%2Fwp%2Fv2%2Fmedia&parent=25"}],"curies":[{"name":"wp","href":"https:\/\/api.w.org\/{rel}","templated":true}]}}