{"id":201,"date":"2016-06-01T16:34:05","date_gmt":"2016-06-01T14:34:05","guid":{"rendered":"https:\/\/svg.it-seeker.org\/?page_id=201"},"modified":"2021-10-20T16:15:22","modified_gmt":"2021-10-20T14:15:22","slug":"fam-du-carrois","status":"publish","type":"page","link":"https:\/\/www.sv-gleidingen.de\/?page_id=201","title":{"rendered":"Fam. du Carrois"},"content":{"rendered":"\n<p>Die Schaustellerfamilien Bernhard und Wolfgang du Carrois richten seit mehr als einem dreiviertel Jahrhundert (seit 1933) zu Pfingsten in Gleidingen das Sch\u00fctzenfest mit Erfolg aus.<br>Bernhard du Carrois, unser Ehrenmitglied, verstarb 1990. Wolfgang und Letizia du Carrois \u00fcbernahmen den Betrieb und f\u00fchren diesen Erfolgreich weiter.<br>Noch immer wird zu Pfingsten der &#8222;du Carrois-Wanderpokal&#8220; mit Geldpreis ausgeschossen, auch dies zeigt wie verbunden der Verein mit der Familie ist.<br>Wir m\u00f6chten uns f\u00fcr die gute Zusammenarbeit an dieser Stelle bedanken und hoffen auf weitere Jahre.<br>Erg\u00e4nzt wird das Team der Familie du Carrois&nbsp; durch die zahlreichen anderen Schaustellern im Auftrage von du Carrois.<br>Wir hoffen, dass wir auch nach der Langen Corona-Pandemie, wieder &#8222;Feste mit Wolfgang und Letizia feiern&#8220; k\u00f6nnen.<\/p>\n\n\n\n<p><\/p>\n\n\n<div id=\"content-rightmenu\">\n<div class=\"item-page\">\n<p><\/p>\n<\/div>\n<\/div>\n\n\n<div class=\"wp-block-buttons is-layout-flex wp-block-buttons-is-layout-flex\">\n<div class=\"wp-block-button\"><a class=\"wp-block-button__link\" href=\"https:\/\/www.grossveranstaltung-du-carrois.de\/\" target=\"_blank\" rel=\"noreferrer noopener\">Zur Homepage<\/a><\/div>\n<\/div>\n\n\n\n<p><\/p>\n","protected":false},"excerpt":{"rendered":"<p>Die Schaustellerfamilien Bernhard und Wolfgang du Carrois richten seit mehr als einem dreiviertel Jahrhundert (seit 1933) zu Pfingsten in Gleidingen das Sch\u00fctzenfest mit Erfolg aus.Bernhard du Carrois, unser Ehrenmitglied, verstarb 1990. Wolfgang und Letizia du Carrois \u00fcbernahmen den Betrieb und&#8230;<br \/><a class=\"read-more-button\" href=\"https:\/\/www.sv-gleidingen.de\/?page_id=201\">Mehr Lesen<\/a><\/p>\n","protected":false},"author":1,"featured_media":0,"parent":49,"menu_order":0,"comment_status":"closed","ping_status":"closed","template":"","meta":{"footnotes":""},"class_list":["post-201","page","type-page","status-publish","hentry"],"_links":{"self":[{"href":"https:\/\/www.sv-gleidingen.de\/index.php?rest_route=\/wp\/v2\/pages\/201","targetHints":{"allow":["GET"]}}],"collection":[{"href":"https:\/\/www.sv-gleidingen.de\/index.php?rest_route=\/wp\/v2\/pages"}],"about":[{"href":"https:\/\/www.sv-gleidingen.de\/index.php?rest_route=\/wp\/v2\/types\/page"}],"author":[{"embeddable":true,"href":"https:\/\/www.sv-gleidingen.de\/index.php?rest_route=\/wp\/v2\/users\/1"}],"replies":[{"embeddable":true,"href":"https:\/\/www.sv-gleidingen.de\/index.php?rest_route=%2Fwp%2Fv2%2Fcomments&post=201"}],"version-history":[{"count":5,"href":"https:\/\/www.sv-gleidingen.de\/index.php?rest_route=\/wp\/v2\/pages\/201\/revisions"}],"predecessor-version":[{"id":772,"href":"https:\/\/www.sv-gleidingen.de\/index.php?rest_route=\/wp\/v2\/pages\/201\/revisions\/772"}],"up":[{"embeddable":true,"href":"https:\/\/www.sv-gleidingen.de\/index.php?rest_route=\/wp\/v2\/pages\/49"}],"wp:attachment":[{"href":"https:\/\/www.sv-gleidingen.de\/index.php?rest_route=%2Fwp%2Fv2%2Fmedia&parent=201"}],"curies":[{"name":"wp","href":"https:\/\/api.w.org\/{rel}","templated":true}]}}