{"id":1763,"date":"2025-02-23T18:30:07","date_gmt":"2025-02-23T17:30:07","guid":{"rendered":"https:\/\/www.sv-gleidingen.de\/?page_id=1763"},"modified":"2026-03-18T20:59:45","modified_gmt":"2026-03-18T19:59:45","slug":"ketten-und-koenigsschiessen-2025","status":"publish","type":"page","link":"https:\/\/www.sv-gleidingen.de\/?page_id=1763","title":{"rendered":"Ketten- und Ehrenpreisschie\u00dfen 2026"},"content":{"rendered":"\n<p>Hier findet ihr die Ausschreibungen zum Ketten-, Ehrenpreis- und K\u00f6nigsschie\u00dfen 2026. Wir freuen uns auf eine rege Teilnahme an den Preisschie\u00dfen. <\/p>\n\n\n\n<p>Die Preise werden im Rahmen der Proklamation am 16. Mai 2026 verliehen.<\/p>\n\n\n\n<p>Wir w\u00fcnschen allen Teilnehmerinnen und Teilnehmern viel Erfolg und allseits \u201eGut Schuss!\u201c. Bei Fragen steht euch unser Schie\u00dfsportleiter gern zur Verf\u00fcgung. <\/p>\n\n\n\n<h2 class=\"wp-block-heading\">K\u00f6nige<\/h2>\n\n\n\n<figure class=\"wp-block-table\"><table class=\"has-fixed-layout\"><tbody><tr><td><strong>B\u00fcrgerk\u00f6nig:in<\/strong><\/td><td><a href=\"https:\/\/www.sv-gleidingen.de\/wp-content\/uploads\/2026\/03\/2026-Buergerkoenig-Ausschreibung.pdf\" data-type=\"attachment\" data-id=\"1983\">Ausschreibung B\u00fcrgerk\u00f6nig:in<\/a><\/td><\/tr><tr><td><strong>Sch\u00fctzenk\u00f6nig:in<\/strong><\/td><td><a href=\"https:\/\/www.sv-gleidingen.de\/wp-content\/uploads\/2026\/03\/2026-Damen-Schuetzenkoenig-Ausschreibung.pdf\" data-type=\"attachment\" data-id=\"1982\">Ausschreibung Sch\u00fctzenk\u00f6nig:in<\/a><\/td><\/tr><tr><td><strong>Jugendk\u00f6nig:in<\/strong><\/td><td><a href=\"https:\/\/www.sv-gleidingen.de\/wp-content\/uploads\/2026\/03\/2026-Jugendkoenig-Ausschreibung.pdf\" data-type=\"attachment\" data-id=\"1980\">Ausschreibung Jugendk\u00f6nig:in<\/a><\/td><\/tr><tr><td><strong>Seniorenk\u00f6nig:in<\/strong><\/td><td><a href=\"https:\/\/www.sv-gleidingen.de\/wp-content\/uploads\/2026\/03\/2026-Seniorenkoenig-Ausschreibung.pdf\" data-type=\"attachment\" data-id=\"1970\">Ausschreibung Seniorenk\u00f6nig:in<\/a><\/td><\/tr><tr><td><strong>Sch\u00fclerk\u00f6nig:in<\/strong><\/td><td><a href=\"https:\/\/www.sv-gleidingen.de\/wp-content\/uploads\/2026\/03\/2026-Schuelerkoenig-Ausschreibung.pdf\" data-type=\"attachment\" data-id=\"1971\">Ausschreibung Sch\u00fclerk\u00f6nig:in<\/a><\/td><\/tr><\/tbody><\/table><\/figure>\n\n\n\n<h2 class=\"wp-block-heading\"><strong>Ketten<\/strong> <\/h2>\n\n\n\n<figure class=\"wp-block-table\"><table class=\"has-fixed-layout\"><tbody><tr><td><strong>Adlerauge<\/strong><\/td><td><a href=\"https:\/\/www.sv-gleidingen.de\/wp-content\/uploads\/2026\/03\/2026-Adlerauge-Ausschreibung.pdf\" data-type=\"attachment\" data-id=\"1969\">Ausschreibung Adlerauge<\/a><\/td><\/tr><tr><td><strong>Neueinsteiger<\/strong><\/td><td><a href=\"https:\/\/www.sv-gleidingen.de\/wp-content\/uploads\/2026\/03\/2026-Neueinsteiger-Ausschreibung.pdf\" data-type=\"attachment\" data-id=\"1978\">Ausschreibung Neueinsteigerkette<\/a><\/td><\/tr><tr><td><strong>Lichtgewehr<\/strong><\/td><td><a href=\"https:\/\/www.sv-gleidingen.de\/wp-content\/uploads\/2026\/03\/2026-Lichtgewehr-Ausschreibung.pdf\" data-type=\"attachment\" data-id=\"1977\">Ausschreibung Lichtgewehrkette<\/a><\/td><\/tr><\/tbody><\/table><\/figure>\n\n\n\n<h2 class=\"wp-block-heading\"><strong>Pokale<\/strong><\/h2>\n\n\n\n<figure class=\"wp-block-table\"><table class=\"has-fixed-layout\"><tbody><tr><td><strong>KK-Preise Damen<\/strong><\/td><td><a href=\"https:\/\/www.sv-gleidingen.de\/wp-content\/uploads\/2026\/03\/2026-Pokale-Damen-Ausschreibung.pdf\" data-type=\"attachment\" data-id=\"1972\">Ausschreibung KK-Preise Damen<\/a><\/td><\/tr><tr><td><strong>KK-Preise Sch\u00fctzen<\/strong><\/td><td><a href=\"https:\/\/www.sv-gleidingen.de\/wp-content\/uploads\/2026\/03\/2026-KK-Preise-Schuetzen-Ausschreibung.pdf\" data-type=\"attachment\" data-id=\"1979\">Ausschreibung KK-Pokale Sch\u00fctzen<\/a><\/td><\/tr><tr><td><strong>LG-Preise Damen<\/strong><\/td><td><a href=\"https:\/\/www.sv-gleidingen.de\/wp-content\/uploads\/2026\/03\/2026-LG-Preise-Damen-Ausschreibung.pdf\" data-type=\"attachment\" data-id=\"1974\">Ausschreibung LG-Preise Damen<\/a><\/td><\/tr><tr><td><strong>LG-Preise Sch\u00fctzen<\/strong><\/td><td><a href=\"https:\/\/www.sv-gleidingen.de\/wp-content\/uploads\/2026\/03\/2026-LG-Preise-Schuetzen-Ausschreibung.pdf\" data-type=\"attachment\" data-id=\"1976\">Ausschreibung LG-Preise Sch\u00fctzen<\/a><\/td><\/tr><tr><td><strong>LG-Preise Jugend<\/strong><\/td><td><a href=\"https:\/\/www.sv-gleidingen.de\/wp-content\/uploads\/2026\/03\/2026-LG-Preise-Jugend-Ausschreibung.pdf\" data-type=\"attachment\" data-id=\"1975\">Ausschreibung LG-Preise Jugend<\/a><\/td><\/tr><tr><td><strong>\u201edu Carrois\u201c Sonderpokal<\/strong><\/td><td><a href=\"https:\/\/www.sv-gleidingen.de\/wp-content\/uploads\/2026\/03\/2026-duCarrois-Ausschreibung.pdf\" data-type=\"attachment\" data-id=\"1981\">Ausschreibung \u201edu Carrois\u201c Sonderpokal<\/a><\/td><\/tr><tr><td><strong>Krug-Pokal<\/strong><\/td><td><a href=\"https:\/\/www.sv-gleidingen.de\/wp-content\/uploads\/2026\/03\/2026-Krug-Pokal-Ausschreibung.pdf\" data-type=\"attachment\" data-id=\"1973\">Ausschreibung Krug-Pokal<\/a><\/td><\/tr><\/tbody><\/table><\/figure>\n\n\n\n<p><\/p>\n","protected":false},"excerpt":{"rendered":"<p>Hier findet ihr die Ausschreibungen zum Ketten-, Ehrenpreis- und K\u00f6nigsschie\u00dfen 2026. Wir freuen uns auf eine rege Teilnahme an den Preisschie\u00dfen. Die Preise werden im Rahmen der Proklamation am 16. Mai 2026 verliehen. Wir w\u00fcnschen allen Teilnehmerinnen und Teilnehmern viel&#8230;<br \/><a class=\"read-more-button\" href=\"https:\/\/www.sv-gleidingen.de\/?page_id=1763\">Mehr Lesen<\/a><\/p>\n","protected":false},"author":211,"featured_media":0,"parent":901,"menu_order":0,"comment_status":"closed","ping_status":"closed","template":"","meta":{"footnotes":""},"class_list":["post-1763","page","type-page","status-publish","hentry"],"_links":{"self":[{"href":"https:\/\/www.sv-gleidingen.de\/index.php?rest_route=\/wp\/v2\/pages\/1763","targetHints":{"allow":["GET"]}}],"collection":[{"href":"https:\/\/www.sv-gleidingen.de\/index.php?rest_route=\/wp\/v2\/pages"}],"about":[{"href":"https:\/\/www.sv-gleidingen.de\/index.php?rest_route=\/wp\/v2\/types\/page"}],"author":[{"embeddable":true,"href":"https:\/\/www.sv-gleidingen.de\/index.php?rest_route=\/wp\/v2\/users\/211"}],"replies":[{"embeddable":true,"href":"https:\/\/www.sv-gleidingen.de\/index.php?rest_route=%2Fwp%2Fv2%2Fcomments&post=1763"}],"version-history":[{"count":6,"href":"https:\/\/www.sv-gleidingen.de\/index.php?rest_route=\/wp\/v2\/pages\/1763\/revisions"}],"predecessor-version":[{"id":1986,"href":"https:\/\/www.sv-gleidingen.de\/index.php?rest_route=\/wp\/v2\/pages\/1763\/revisions\/1986"}],"up":[{"embeddable":true,"href":"https:\/\/www.sv-gleidingen.de\/index.php?rest_route=\/wp\/v2\/pages\/901"}],"wp:attachment":[{"href":"https:\/\/www.sv-gleidingen.de\/index.php?rest_route=%2Fwp%2Fv2%2Fmedia&parent=1763"}],"curies":[{"name":"wp","href":"https:\/\/api.w.org\/{rel}","templated":true}]}}