{"id":1351,"date":"2023-06-08T10:44:01","date_gmt":"2023-06-08T08:44:01","guid":{"rendered":"https:\/\/www.sv-gleidingen.de\/?page_id=1351"},"modified":"2023-07-26T22:26:53","modified_gmt":"2023-07-26T20:26:53","slug":"frankonia-shooting-event-2023","status":"publish","type":"page","link":"https:\/\/www.sv-gleidingen.de\/?page_id=1351","title":{"rendered":"Frankonia Shooting Event 2023"},"content":{"rendered":"\n<p>Lieber Besucher,<\/p>\n\n\n\n<p>auf dieser Seite haben Sie die M\u00f6glichkeit sich f\u00fcr den Frankonia Shooting Event 2023 im Sch\u00fctzenhaus Gleidingen anzumelden.<br>Sie finden hier die Ausschreibungen zu dem Event und dem Jedermann-Nebenwettbewerb des Sch\u00fctzenverein Gleidingen.<\/p>\n\n\n\n<div data-wp-interactive=\"core\/file\" class=\"wp-block-file\"><object data-wp-bind--hidden=\"!state.hasPdfPreview\" hidden class=\"wp-block-file__embed\" data=\"https:\/\/www.sv-gleidingen.de\/wp-content\/uploads\/2023\/07\/shooting_event_2023-1.pdf\" type=\"application\/pdf\" style=\"width:100%;height:400px\" aria-label=\"Einbettung von Ausschreibung FSE 2023.\"><\/object><a id=\"wp-block-file--media-82a7d78a-38ba-4057-ac57-b86f663684d7\" href=\"https:\/\/www.sv-gleidingen.de\/wp-content\/uploads\/2023\/07\/shooting_event_2023-1.pdf\">Ausschreibung FSE 2023<\/a><\/div>\n\n\n\n<p><br><em>Ein Hinweis: Das Sch\u00fctzenhaus Gleidingen wird durch den Verein bewirtschaftet.<br>Am Tag des Wettbewerbes wird  tageszeitabh\u00e4niges Essen und auch Getr\u00e4nke zu zivilen Preisen geben.<\/em><\/p>\n\n\n\n<p>Wir w\u00fcnschen Ihnen viel Spa\u00df und der Erfolg vor den Scheiben.<\/p>\n\n\n\n<iframe loading=\"lazy\" id=\"647cc556ffa40e40e8ad3724\" width=\"100%\" height=\"150\" class=\"yolawo-widget\" allow=\"payment\" src=\"https:\/\/widgets.yolawo.de\/w\/647cc556ffa40e40e8ad3724\" frameborder=\"0\" data-offset-x=\"50\" scrolling=\"no\"><\/iframe><script type=\"text\/javascript\" src=\"https:\/\/widgets.yolawo.de\/assets\/script.js\"><\/script>\n\n\n\n<p><\/p>\n","protected":false},"excerpt":{"rendered":"<p>Lieber Besucher, auf dieser Seite haben Sie die M\u00f6glichkeit sich f\u00fcr den Frankonia Shooting Event 2023 im Sch\u00fctzenhaus Gleidingen anzumelden.Sie finden hier die Ausschreibungen zu dem Event und dem Jedermann-Nebenwettbewerb des Sch\u00fctzenverein Gleidingen. Ein Hinweis: Das Sch\u00fctzenhaus Gleidingen wird durch&#8230;<br \/><a class=\"read-more-button\" href=\"https:\/\/www.sv-gleidingen.de\/?page_id=1351\">Mehr Lesen<\/a><\/p>\n","protected":false},"author":211,"featured_media":0,"parent":901,"menu_order":2,"comment_status":"closed","ping_status":"closed","template":"","meta":{"footnotes":""},"class_list":["post-1351","page","type-page","status-publish","hentry"],"_links":{"self":[{"href":"https:\/\/www.sv-gleidingen.de\/index.php?rest_route=\/wp\/v2\/pages\/1351","targetHints":{"allow":["GET"]}}],"collection":[{"href":"https:\/\/www.sv-gleidingen.de\/index.php?rest_route=\/wp\/v2\/pages"}],"about":[{"href":"https:\/\/www.sv-gleidingen.de\/index.php?rest_route=\/wp\/v2\/types\/page"}],"author":[{"embeddable":true,"href":"https:\/\/www.sv-gleidingen.de\/index.php?rest_route=\/wp\/v2\/users\/211"}],"replies":[{"embeddable":true,"href":"https:\/\/www.sv-gleidingen.de\/index.php?rest_route=%2Fwp%2Fv2%2Fcomments&post=1351"}],"version-history":[{"count":8,"href":"https:\/\/www.sv-gleidingen.de\/index.php?rest_route=\/wp\/v2\/pages\/1351\/revisions"}],"predecessor-version":[{"id":1552,"href":"https:\/\/www.sv-gleidingen.de\/index.php?rest_route=\/wp\/v2\/pages\/1351\/revisions\/1552"}],"up":[{"embeddable":true,"href":"https:\/\/www.sv-gleidingen.de\/index.php?rest_route=\/wp\/v2\/pages\/901"}],"wp:attachment":[{"href":"https:\/\/www.sv-gleidingen.de\/index.php?rest_route=%2Fwp%2Fv2%2Fmedia&parent=1351"}],"curies":[{"name":"wp","href":"https:\/\/api.w.org\/{rel}","templated":true}]}}