{"id":1292,"date":"2023-04-24T13:37:50","date_gmt":"2023-04-24T11:37:50","guid":{"rendered":"https:\/\/www.sv-gleidingen.de\/?page_id=1292"},"modified":"2023-04-25T13:24:10","modified_gmt":"2023-04-25T11:24:10","slug":"koenigs-und-ehrenpreisschiessen-2023","status":"publish","type":"page","link":"https:\/\/www.sv-gleidingen.de\/?page_id=1292","title":{"rendered":"K\u00f6nigs- und Ehrenpreisschie\u00dfen 2023"},"content":{"rendered":"<p>Auch in diesem Jahr findet wieder unser traditionelles Schie\u00dfen um die K\u00f6nigsw\u00fcrden und Ehrenpreise statt.<br \/>Die diesj\u00e4hrigen Schie\u00dftermine sind der 29. April und der 13. Mai 2023 jeweils von 10.00 &#8211; 14.00 Uhr.<br \/>Am 13. Mai findet ab ca. 14.30 Uhr dann das eventuelle Stechen um die jeweilige K\u00f6nigsw\u00fcrde statt.<br \/>Die Ausschreibungen findet ihr am schwarzen Brett im Sch\u00fctzenhaus oder nachfolgend.<\/p>\n<p>\u00a0<\/p>\n\n\n<figure class=\"wp-block-table is-style-regular\"><table><thead><tr><th>Ehren- oder Sonderpreis K\u00f6nigsw\u00fcrde<\/th><th>Disziplin<\/th><th>Ausschreibung<\/th><\/tr><\/thead><tbody><tr><td>Ehrenpreise Jugend<\/td><td>Licht-\/Luftgewehr<\/td><td><a href=\"https:\/\/www.sv-gleidingen.de\/wp-content\/uploads\/2023\/04\/Ausschreibung_LG_Preise_Jugend_2023-1.pdf\">Ausschreibung_LG_Preise_Jugend_2023<\/a><\/td><\/tr><tr><td>Ehrenpreise Damen<\/td><td>Luftgewehr<\/td><td><a href=\"https:\/\/www.sv-gleidingen.de\/wp-content\/uploads\/2023\/04\/Ausschreibung_LG_Preise_Damen_2023.pdf\">Ausschreibung_LG_Preise_Damen_2023<\/a><\/td><\/tr><tr><td><\/td><td>Kleinkalibergewehr<\/td><td><a href=\"https:\/\/www.sv-gleidingen.de\/wp-content\/uploads\/2023\/04\/Ausschreibung_Jugend_Koenig_2023.pdf\"><\/a><a href=\"https:\/\/www.sv-gleidingen.de\/wp-content\/uploads\/2023\/04\/Ausschreibung_KK_Pokale_Damen_2023.pdf\">Ausschreibung_KK_Pokale_Damen_2023<\/a><\/td><\/tr><tr><td>Ehrenpreise Herren<\/td><td>Luftgewehr<\/td><td><a href=\"https:\/\/www.sv-gleidingen.de\/wp-content\/uploads\/2023\/04\/Ausschreibung_LG_Preise_Schuetzen_2023.pdf\">Ausschreibung_LG_Preise_Sch\u00fctzen_2023<\/a><\/td><\/tr><tr><td><\/td><td>Kleinkalibergewehr<\/td><td><a href=\"https:\/\/www.sv-gleidingen.de\/wp-content\/uploads\/2023\/04\/Ausschreibung_KK_Pokale_Schuetzen_2023.pdf\">Ausschreibung_KK_Pokale_Sch\u00fctzen_2023<\/a><\/td><\/tr><tr><td><\/td><td><\/td><td><\/td><\/tr><tr><td>Jugendk\u00f6nig<\/td><td>Licht-\/Luftgewehr<\/td><td><a href=\"https:\/\/www.sv-gleidingen.de\/wp-content\/uploads\/2023\/04\/Ausschreibung_Jugend_Koenig_2023.pdf\">Ausschreibung_Jugend_K\u00f6nig_2023<\/a><\/td><\/tr><tr><td>Sch\u00fctzenk\u00f6nig &amp; Sch\u00fctzenk\u00f6nigin<\/td><td>Kleinkalibergewehr<\/td><td><a href=\"https:\/\/www.sv-gleidingen.de\/wp-content\/uploads\/2023\/04\/Ausschreibung_Schuetzenkoenig_Ausschreibung_2023.pdf\">Ausschreibung_K\u00f6nig\/in_Ausschreibung_2023<\/a><\/td><\/tr><tr><td>Seniorenk\u00f6nig<\/td><td>Luftgewehr<\/td><td><a href=\"https:\/\/www.sv-gleidingen.de\/wp-content\/uploads\/2023\/04\/Ausschreibung_Senioren_Koenig_2023.pdf\">Ausschreibung_Senioren_K\u00f6nig_2023<\/a><\/td><\/tr><tr><td>B\u00fcrgerk\u00f6nig<\/td><td>Luftgewehr<\/td><td><a href=\"https:\/\/www.sv-gleidingen.de\/wp-content\/uploads\/2023\/04\/Ausschreibung_Buerger_Koenig_2023.pdf\">Ausschreibung_B\u00fcrger_K\u00f6nig_2023<\/a><\/td><\/tr><tr><td><\/td><td><\/td><td><\/td><\/tr><tr><td>Sonderpreis &#8222;Neueinsteiger-Kette&#8220;<\/td><td>Luftgewehr<\/td><td><a href=\"https:\/\/www.sv-gleidingen.de\/wp-content\/uploads\/2023\/04\/Ausschreibung_Neueinsteiger_Kette_2023.pdf\">Ausschreibung_Neueinsteiger_Kette_2023<\/a><\/td><\/tr><tr><td>Sonderpreis &#8222;Adleraugen-Kette&#8220;<\/td><td>Kleinkalibergewehr<\/td><td><a href=\"https:\/\/www.sv-gleidingen.de\/wp-content\/uploads\/2023\/04\/Ausschreibung_Adlerauge_2023.pdf\">Ausschreibung_Adlerauge_2023<\/a><\/td><\/tr><tr><td>Sonderpreis &#8222;Albert-Ehrich-Pokal&#8220;<\/td><td>Kleinkalibergewehr<\/td><td><a href=\"https:\/\/www.sv-gleidingen.de\/wp-content\/uploads\/2023\/04\/Ausschreibung_Albert_Ehrich_2023.pdf\">Ausschreibung_Albert_Ehrich_2023<\/a><\/td><\/tr><tr><td>Sonderpreis &#8222;du-Carrois-Pokal&#8220;<\/td><td>Kleinkalibergewehr<\/td><td><a href=\"https:\/\/www.sv-gleidingen.de\/wp-content\/uploads\/2023\/04\/Ausschreibung_duCarrois_2023.pdf\" target=\"_blank\" rel=\"noreferrer noopener\">Ausschreibung_duCarrois_2023<\/a><\/td><\/tr><tr><td><\/td><td><\/td><td><\/td><\/tr><\/tbody><\/table><\/figure>\n\n\n\n<div class=\"wp-block-file\"><\/div>\n","protected":false},"excerpt":{"rendered":"<p>Auch in diesem Jahr findet wieder unser traditionelles Schie\u00dfen um die K\u00f6nigsw\u00fcrden und Ehrenpreise statt.Die diesj\u00e4hrigen Schie\u00dftermine sind der 29. April und der 13. Mai 2023 jeweils von 10.00 &#8211; 14.00 Uhr.Am 13. Mai findet ab ca. 14.30 Uhr dann&#8230;<br \/><a class=\"read-more-button\" href=\"https:\/\/www.sv-gleidingen.de\/?page_id=1292\">Mehr Lesen<\/a><\/p>\n","protected":false},"author":211,"featured_media":0,"parent":747,"menu_order":2,"comment_status":"closed","ping_status":"closed","template":"","meta":{"footnotes":""},"class_list":["post-1292","page","type-page","status-publish","hentry"],"_links":{"self":[{"href":"https:\/\/www.sv-gleidingen.de\/index.php?rest_route=\/wp\/v2\/pages\/1292","targetHints":{"allow":["GET"]}}],"collection":[{"href":"https:\/\/www.sv-gleidingen.de\/index.php?rest_route=\/wp\/v2\/pages"}],"about":[{"href":"https:\/\/www.sv-gleidingen.de\/index.php?rest_route=\/wp\/v2\/types\/page"}],"author":[{"embeddable":true,"href":"https:\/\/www.sv-gleidingen.de\/index.php?rest_route=\/wp\/v2\/users\/211"}],"replies":[{"embeddable":true,"href":"https:\/\/www.sv-gleidingen.de\/index.php?rest_route=%2Fwp%2Fv2%2Fcomments&post=1292"}],"version-history":[{"count":8,"href":"https:\/\/www.sv-gleidingen.de\/index.php?rest_route=\/wp\/v2\/pages\/1292\/revisions"}],"predecessor-version":[{"id":1964,"href":"https:\/\/www.sv-gleidingen.de\/index.php?rest_route=\/wp\/v2\/pages\/1292\/revisions\/1964"}],"up":[{"embeddable":true,"href":"https:\/\/www.sv-gleidingen.de\/index.php?rest_route=\/wp\/v2\/pages\/747"}],"wp:attachment":[{"href":"https:\/\/www.sv-gleidingen.de\/index.php?rest_route=%2Fwp%2Fv2%2Fmedia&parent=1292"}],"curies":[{"name":"wp","href":"https:\/\/api.w.org\/{rel}","templated":true}]}}