{"id":1137,"date":"2022-11-30T12:56:43","date_gmt":"2022-11-30T11:56:43","guid":{"rendered":"https:\/\/www.sv-gleidingen.de\/?page_id=1137"},"modified":"2025-01-03T20:24:15","modified_gmt":"2025-01-03T19:24:15","slug":"vikings-darts-open-2023","status":"publish","type":"page","link":"https:\/\/www.sv-gleidingen.de\/?page_id=1137","title":{"rendered":"Vikings Darts Open 2025"},"content":{"rendered":"\n<p>Die neue Ausschreibung zu der diesj\u00e4hrigen Turnierserie folgt in den kommenden Tagen. <br>Anmeldungen zu dem jeweiligen Monatsspieltag k\u00f6nnen aus organisatorischen Gr\u00fcnden immer erst am Montag noch dem Ende des vorherigen Spieltages erfolgen.<\/p>\n\n\n\n<p><\/p>\n\n\n\n<iframe loading=\"lazy\" id=\"6776e328275b58265a9271a7\" width=\"100%\" height=\"150\" class=\"yolawo-widget\" allow=\"payment\" src=\"https:\/\/widgets.yolawo.de\/w\/6776e328275b58265a9271a7\" frameborder=\"0\" data-offset-x=\"50\" scrolling=\"no\"><\/iframe><script type=\"text\/javascript\" src=\"https:\/\/widgets.yolawo.de\/assets\/script.js\"><\/script>\n","protected":false},"excerpt":{"rendered":"<p>Die neue Ausschreibung zu der diesj\u00e4hrigen Turnierserie folgt in den kommenden Tagen. Anmeldungen zu dem jeweiligen Monatsspieltag k\u00f6nnen aus organisatorischen Gr\u00fcnden immer erst am Montag noch dem Ende des vorherigen Spieltages erfolgen.<\/p>\n","protected":false},"author":211,"featured_media":0,"parent":901,"menu_order":3,"comment_status":"closed","ping_status":"closed","template":"","meta":{"footnotes":""},"class_list":["post-1137","page","type-page","status-publish","hentry"],"_links":{"self":[{"href":"https:\/\/www.sv-gleidingen.de\/index.php?rest_route=\/wp\/v2\/pages\/1137","targetHints":{"allow":["GET"]}}],"collection":[{"href":"https:\/\/www.sv-gleidingen.de\/index.php?rest_route=\/wp\/v2\/pages"}],"about":[{"href":"https:\/\/www.sv-gleidingen.de\/index.php?rest_route=\/wp\/v2\/types\/page"}],"author":[{"embeddable":true,"href":"https:\/\/www.sv-gleidingen.de\/index.php?rest_route=\/wp\/v2\/users\/211"}],"replies":[{"embeddable":true,"href":"https:\/\/www.sv-gleidingen.de\/index.php?rest_route=%2Fwp%2Fv2%2Fcomments&post=1137"}],"version-history":[{"count":7,"href":"https:\/\/www.sv-gleidingen.de\/index.php?rest_route=\/wp\/v2\/pages\/1137\/revisions"}],"predecessor-version":[{"id":1712,"href":"https:\/\/www.sv-gleidingen.de\/index.php?rest_route=\/wp\/v2\/pages\/1137\/revisions\/1712"}],"up":[{"embeddable":true,"href":"https:\/\/www.sv-gleidingen.de\/index.php?rest_route=\/wp\/v2\/pages\/901"}],"wp:attachment":[{"href":"https:\/\/www.sv-gleidingen.de\/index.php?rest_route=%2Fwp%2Fv2%2Fmedia&parent=1137"}],"curies":[{"name":"wp","href":"https:\/\/api.w.org\/{rel}","templated":true}]}}