{"id":103,"date":"2016-04-29T09:14:25","date_gmt":"2016-04-29T07:14:25","guid":{"rendered":"https:\/\/svg.it-seeker.org\/?page_id=103"},"modified":"2022-01-15T11:19:46","modified_gmt":"2022-01-15T10:19:46","slug":"schiessstaende","status":"publish","type":"page","link":"https:\/\/www.sv-gleidingen.de\/?page_id=103","title":{"rendered":"Schie\u00df- &#038; Dartr\u00e4umlichkeiten"},"content":{"rendered":"<p>In den R\u00e4umen des Sch\u00fctzenverein Gleidingen finden Sie die folgenden komplett \u00fcberdachten Sportanlagen.<br>Alle Schie\u00dfst\u00e4nde haben beheizte Vorr\u00e4ume.<\/p>\n<p><strong>10m Luftdruck-Strand und Dart-Halle<br><\/strong>Der 10m Stand bietet Platz f\u00fcr 9 Sch\u00fctzenInnen mit Luftdruckwaffen.<br>Acht St\u00e4nde sind hier mit einer elektronischen Schie\u00dfanlage ausger\u00fcstet, welche auch Platz f\u00fcr unsere Lichtpunktanlage bietet und kombinierbar ist.<br>Zwei der Anlagen sind mit elektronischen Wechselscheiben f\u00fcr Luftgewehr und -pistole ausgestattet.<br>Des Weiteren haben wir eine Schreibenzuganlage erhalten. Hier d\u00fcrfen Waffen bis zu 7,5 Joule geschossen werden.<\/p>\n<p>Des Weiteren haben wird der 10m Stand auch von unserer Dart-Abteilung genutzt.<br>Diese hat dort insgesamt acht Dart-Courts. Alle Scheiben sind elektronisch beleuchtet.<\/p>\n<p style=\"text-align: center;\"><img loading=\"lazy\" decoding=\"async\" class=\"alignzentriert  wp-image-350 aligncenter\" title=\"\" src=\"https:\/\/www.sv-gleidingen.de\/wp-content\/uploads\/2016\/07\/wp-image-18165116jpg.jpg\" alt=\"\" width=\"390\" height=\"219\" srcset=\"https:\/\/www.sv-gleidingen.de\/wp-content\/uploads\/2016\/07\/wp-image-18165116jpg.jpg 2000w, https:\/\/www.sv-gleidingen.de\/wp-content\/uploads\/2016\/07\/wp-image-18165116jpg-300x169.jpg 300w, https:\/\/www.sv-gleidingen.de\/wp-content\/uploads\/2016\/07\/wp-image-18165116jpg-768x432.jpg 768w, https:\/\/www.sv-gleidingen.de\/wp-content\/uploads\/2016\/07\/wp-image-18165116jpg-1024x576.jpg 1024w, https:\/\/www.sv-gleidingen.de\/wp-content\/uploads\/2016\/07\/wp-image-18165116jpg-956x538.jpg 956w\" sizes=\"auto, (max-width: 390px) 100vw, 390px\" \/> &nbsp;&nbsp;&nbsp;&nbsp;&nbsp; vor der Sanierung<\/p>\n<p style=\"text-align: center;\"><img loading=\"lazy\" decoding=\"async\" class=\"wp-image-591  aligncenter\" src=\"https:\/\/www.sv-gleidingen.de\/wp-content\/uploads\/2021\/03\/IMG_20201123_085847_kl-300x225.jpg\" alt=\"\" width=\"390\" height=\"293\" srcset=\"https:\/\/www.sv-gleidingen.de\/wp-content\/uploads\/2021\/03\/IMG_20201123_085847_kl-300x225.jpg 300w, https:\/\/www.sv-gleidingen.de\/wp-content\/uploads\/2021\/03\/IMG_20201123_085847_kl-1024x768.jpg 1024w, https:\/\/www.sv-gleidingen.de\/wp-content\/uploads\/2021\/03\/IMG_20201123_085847_kl-768x576.jpg 768w, https:\/\/www.sv-gleidingen.de\/wp-content\/uploads\/2021\/03\/IMG_20201123_085847_kl-956x717.jpg 956w, https:\/\/www.sv-gleidingen.de\/wp-content\/uploads\/2021\/03\/IMG_20201123_085847_kl.jpg 1500w\" sizes=\"auto, (max-width: 390px) 100vw, 390px\" \/>seit&nbsp; der Sanierung 2019<\/p>\n<p><strong>50m Kleinkaliber-Stand<\/strong><br>Der KK-Stand bietet Platz f\u00fcr sechs Sch\u00fctzenInnen. F\u00fcnf Bahnen sind mit einer elektronischen Schie\u00dfanlage und einer noch mit einer Scheibenzuganlage ausger\u00fcstet. Zudem verf\u00fcgt der Stand \u00fcber eine Zuganlage f\u00fcr einen &#8222;laufenden Keiler&#8220;.<\/p>\n<p style=\"text-align: center;\"><img loading=\"lazy\" decoding=\"async\" class=\"wp-image-340  aligncenter\" src=\"https:\/\/www.sv-gleidingen.de\/wp-content\/uploads\/2016\/04\/IMG_4149-1024x683.jpg\" alt=\"IMG_4149\" width=\"390\" height=\"260\" srcset=\"https:\/\/www.sv-gleidingen.de\/wp-content\/uploads\/2016\/04\/IMG_4149-1024x683.jpg 1024w, https:\/\/www.sv-gleidingen.de\/wp-content\/uploads\/2016\/04\/IMG_4149-300x200.jpg 300w, https:\/\/www.sv-gleidingen.de\/wp-content\/uploads\/2016\/04\/IMG_4149-768x512.jpg 768w, https:\/\/www.sv-gleidingen.de\/wp-content\/uploads\/2016\/04\/IMG_4149-956x637.jpg 956w, https:\/\/www.sv-gleidingen.de\/wp-content\/uploads\/2016\/04\/IMG_4149.jpg 1368w\" sizes=\"auto, (max-width: 390px) 100vw, 390px\" \/>vor der Sanierung<\/p>\n<p style=\"text-align: center;\"><img loading=\"lazy\" decoding=\"async\" class=\"wp-image-597 aligncenter\" src=\"https:\/\/www.sv-gleidingen.de\/wp-content\/uploads\/2021\/03\/IMG_20201123_090141_kl-300x225.jpg\" alt=\"\" width=\"390\" height=\"292\" srcset=\"https:\/\/www.sv-gleidingen.de\/wp-content\/uploads\/2021\/03\/IMG_20201123_090141_kl-300x225.jpg 300w, https:\/\/www.sv-gleidingen.de\/wp-content\/uploads\/2021\/03\/IMG_20201123_090141_kl-1024x768.jpg 1024w, https:\/\/www.sv-gleidingen.de\/wp-content\/uploads\/2021\/03\/IMG_20201123_090141_kl-768x576.jpg 768w, https:\/\/www.sv-gleidingen.de\/wp-content\/uploads\/2021\/03\/IMG_20201123_090141_kl-956x717.jpg 956w, https:\/\/www.sv-gleidingen.de\/wp-content\/uploads\/2021\/03\/IMG_20201123_090141_kl.jpg 1500w\" sizes=\"auto, (max-width: 390px) 100vw, 390px\" \/>nach dem Umbau 2019<\/p>\n<p><strong>25m Gro\u00dfkaliber-Stand <\/strong><br>Der 25 m Stand ist derzeit f\u00fcr Kurz- und Langwaffen mit einer M\u00fcndungsenergie bis 1200 Joule zugelassen und bietet f\u00fcnf Sch\u00fctzenInnen platz.<br>Daneben haben wir seit dem Fr\u00fchjahr 2021 die Erlaubnis von der 15m Marke aus auch mit Flinten im Kaliber 12 auf eine Fallscheibenanlage gem\u00e4\u00df des BDS Sporthandbuches zu schie\u00dfen.<br><strong>Ein bewegliches Schie\u00dfen ist auf diesem Stand verboten!<\/strong><\/p>\n\n\n<div class=\"wp-block-group\"><div class=\"wp-block-group__inner-container is-layout-flow wp-block-group-is-layout-flow\">\n<div class=\"wp-block-image\"><figure class=\"aligncenter size-large is-resized\"><img loading=\"lazy\" decoding=\"async\" src=\"https:\/\/www.sv-gleidingen.de\/wp-content\/uploads\/2016\/04\/IMG_4137-1024x683.jpg\" alt=\"\" class=\"wp-image-341\" width=\"442\" height=\"294\" srcset=\"https:\/\/www.sv-gleidingen.de\/wp-content\/uploads\/2016\/04\/IMG_4137-1024x683.jpg 1024w, https:\/\/www.sv-gleidingen.de\/wp-content\/uploads\/2016\/04\/IMG_4137-300x200.jpg 300w, https:\/\/www.sv-gleidingen.de\/wp-content\/uploads\/2016\/04\/IMG_4137-768x512.jpg 768w, https:\/\/www.sv-gleidingen.de\/wp-content\/uploads\/2016\/04\/IMG_4137-956x637.jpg 956w, https:\/\/www.sv-gleidingen.de\/wp-content\/uploads\/2016\/04\/IMG_4137.jpg 1368w\" sizes=\"auto, (max-width: 442px) 100vw, 442px\" \/><figcaption>Vor der Renovierung<\/figcaption><\/figure><\/div>\n<\/div><\/div>\n\n\n\n<div class=\"wp-block-image\"><figure class=\"aligncenter size-large is-resized\"><img loading=\"lazy\" decoding=\"async\" src=\"https:\/\/www.sv-gleidingen.de\/wp-content\/uploads\/2021\/10\/SV_Gleidingen_40_fotografie@influenz.de_-683x1024.jpg\" alt=\"\" class=\"wp-image-773\" width=\"435\" height=\"653\" srcset=\"https:\/\/www.sv-gleidingen.de\/wp-content\/uploads\/2021\/10\/SV_Gleidingen_40_fotografie@influenz.de_-683x1024.jpg 683w, https:\/\/www.sv-gleidingen.de\/wp-content\/uploads\/2021\/10\/SV_Gleidingen_40_fotografie@influenz.de_-200x300.jpg 200w, https:\/\/www.sv-gleidingen.de\/wp-content\/uploads\/2021\/10\/SV_Gleidingen_40_fotografie@influenz.de_-768x1152.jpg 768w, https:\/\/www.sv-gleidingen.de\/wp-content\/uploads\/2021\/10\/SV_Gleidingen_40_fotografie@influenz.de_-1024x1536.jpg 1024w, https:\/\/www.sv-gleidingen.de\/wp-content\/uploads\/2021\/10\/SV_Gleidingen_40_fotografie@influenz.de_-956x1434.jpg 956w, https:\/\/www.sv-gleidingen.de\/wp-content\/uploads\/2021\/10\/SV_Gleidingen_40_fotografie@influenz.de_.jpg 1365w\" sizes=\"auto, (max-width: 435px) 100vw, 435px\" \/><figcaption>Nach der Renovierung<\/figcaption><\/figure><\/div>\n","protected":false},"excerpt":{"rendered":"<p>In den R\u00e4umen des Sch\u00fctzenverein Gleidingen finden Sie die folgenden komplett \u00fcberdachten Sportanlagen.Alle Schie\u00dfst\u00e4nde haben beheizte Vorr\u00e4ume. 10m Luftdruck-Strand und Dart-HalleDer 10m Stand bietet Platz f\u00fcr 9 Sch\u00fctzenInnen mit Luftdruckwaffen.Acht St\u00e4nde sind hier mit einer elektronischen Schie\u00dfanlage ausger\u00fcstet, welche auch&#8230;<br \/><a class=\"read-more-button\" href=\"https:\/\/www.sv-gleidingen.de\/?page_id=103\">Mehr Lesen<\/a><\/p>\n","protected":false},"author":1,"featured_media":0,"parent":54,"menu_order":0,"comment_status":"closed","ping_status":"closed","template":"","meta":{"footnotes":""},"class_list":["post-103","page","type-page","status-publish","hentry"],"_links":{"self":[{"href":"https:\/\/www.sv-gleidingen.de\/index.php?rest_route=\/wp\/v2\/pages\/103","targetHints":{"allow":["GET"]}}],"collection":[{"href":"https:\/\/www.sv-gleidingen.de\/index.php?rest_route=\/wp\/v2\/pages"}],"about":[{"href":"https:\/\/www.sv-gleidingen.de\/index.php?rest_route=\/wp\/v2\/types\/page"}],"author":[{"embeddable":true,"href":"https:\/\/www.sv-gleidingen.de\/index.php?rest_route=\/wp\/v2\/users\/1"}],"replies":[{"embeddable":true,"href":"https:\/\/www.sv-gleidingen.de\/index.php?rest_route=%2Fwp%2Fv2%2Fcomments&post=103"}],"version-history":[{"count":17,"href":"https:\/\/www.sv-gleidingen.de\/index.php?rest_route=\/wp\/v2\/pages\/103\/revisions"}],"predecessor-version":[{"id":818,"href":"https:\/\/www.sv-gleidingen.de\/index.php?rest_route=\/wp\/v2\/pages\/103\/revisions\/818"}],"up":[{"embeddable":true,"href":"https:\/\/www.sv-gleidingen.de\/index.php?rest_route=\/wp\/v2\/pages\/54"}],"wp:attachment":[{"href":"https:\/\/www.sv-gleidingen.de\/index.php?rest_route=%2Fwp%2Fv2%2Fmedia&parent=103"}],"curies":[{"name":"wp","href":"https:\/\/api.w.org\/{rel}","templated":true}]}}